{"id":17,"date":"2015-11-03T19:45:03","date_gmt":"2015-11-03T18:45:03","guid":{"rendered":"http:\/\/www.alleenleukedingen.nl\/?page_id=17"},"modified":"2016-02-06T14:49:52","modified_gmt":"2016-02-06T13:49:52","slug":"zalmrokerij","status":"publish","type":"page","link":"http:\/\/www.alleenleukedingen.nl\/?page_id=17","title":{"rendered":"Zalmrokerij"},"content":{"rendered":"<p><img loading=\"lazy\" decoding=\"async\" class=\" wp-image-135 aligncenter\" src=\"http:\/\/www.alleenleukedingen.nl\/wp-content\/uploads\/2015\/11\/Briefpapier-adelaar-1-300x246.png\" alt=\"Briefpapier adelaar (1)\" width=\"185\" height=\"152\" srcset=\"http:\/\/www.alleenleukedingen.nl\/wp-content\/uploads\/2015\/11\/Briefpapier-adelaar-1-300x246.png 300w, http:\/\/www.alleenleukedingen.nl\/wp-content\/uploads\/2015\/11\/Briefpapier-adelaar-1.png 312w\" sizes=\"auto, (max-width: 185px) 100vw, 185px\" \/><\/p>\n<div class=\"page\" title=\"Page 1\">\n<div class=\"layoutArea\">\n<div class=\"column\">\n<p style=\"text-align: left;\">Enige jaren geleden zat ik \u00edn een restaurant en bemerkte dat de kwaliteit van de daar geserveerde gerookte zalm w\u00e9\u00e9r achteruit was gegaan. lk maakte hierover een opmerking tegen mijn tafelgenoot en voor je het weet zit je de gehele avond over zalm en zalmproducten te praten.<\/p>\n<p style=\"text-align: left;\">Toevallig kende mijn tafelgenoot iemand uit Noorwegen die alles wist over de vangst, het trans-port, de gang van zaken in de mijnzaal, de distributie en de verkoop van zalm. Tijdens een gearrangeerd gesprek met deze kenner heb ik besloten de kwaliteit van gerookte zalm te verbeteren.&#8221;<\/p>\n<\/div>\n<\/div>\n<\/div>\n<h3 style=\"text-align: center;\"><em><strong>\u201cJe moet geduld hebben\u201d<\/strong><\/em><\/h3>\n<p style=\"text-align: left;\">is het belangrijkste wat oude, gerenommeerde zalmrokers uit Noorwegen, Duitsland, Schotland en Nederland mij hebben verteld tijdens mijn ori\u00ebnterende omzwervingen aldaar.<\/p>\n<h3 style=\"text-align: center;\"><em><strong>Bijna 40 uur duurt het totale proces<\/strong><\/em><\/h3>\n<p style=\"text-align: left;\">Dat bestaat uit het handmatig marineren, het schoonspoelen, drogen, roken en nadrogen. Mijn gerookte zalm vindt inmiddels zijn weg naar menig toprestaurant.<\/p>\n<div id=\"attachment_84\" style=\"width: 208px\" class=\"wp-caption alignleft\"><img loading=\"lazy\" decoding=\"async\" aria-describedby=\"caption-attachment-84\" class=\"wp-image-84\" src=\"http:\/\/www.alleenleukedingen.nl\/wp-content\/uploads\/2015\/11\/zalmroken.jpg\" alt=\"\" width=\"198\" height=\"273\" \/><p id=\"caption-attachment-84\" class=\"wp-caption-text\">Geduldig wacht de zalm tijdens dit rookproces<\/p><\/div>\n<p style=\"text-align: left;\"><em><strong>\u00a0 \u00a0 \u00a0 \u00a0 \u00a0 \u00a0 \u00a0 \u00a0 \u00a0 \u00a0 \u00a0 \u00a0 \u00a0 \u00a0 \u00a0 \u00a0 \u00a0 \u00a0<\/strong><strong>Geduld wordt beloond!<\/strong><\/em><\/p>\n<p>Wilt u het van dichtbij bekijken dan bent u van harte welkom op woensdagmiddag. Wel even van te voren een afspraak maken.<\/p>\n<p>Vaste afnemers worden iedere woensdag gebeld. Er wordt dan afgesproken hoeveel gerookte zalm er nodig is en wanneer\u00a0 geleverd wordt.<\/p>\n<div id=\"attachment_83\" style=\"width: 292px\" class=\"wp-caption alignright\"><img loading=\"lazy\" decoding=\"async\" aria-describedby=\"caption-attachment-83\" class=\"wp-image-83\" src=\"http:\/\/www.alleenleukedingen.nl\/wp-content\/uploads\/2015\/11\/schuur-harm.jpg\" alt=\"\" width=\"282\" height=\"188\" \/><p id=\"caption-attachment-83\" class=\"wp-caption-text\">Landgoed Doornik<\/p><\/div>\n<p>Het landgoed Doornik is gemakkelijk te vinden. Komen-de uit Lent, richting Bemmel neemt u, buiten de bebouwde kom van Lent, de eerste afslag rechts, (Het laantje Doornik) of u stelt uw navigatie in.<br \/>\nOprijlaan 500 meter volgen; welkom.<\/p>\n<h3 style=\"text-align: center;\"><em><strong>\u00a0 \u00a0&#8220;Particuliere verkoop op woensdag en zaterdagmiddag (eerst even bellen)&#8221;<\/strong><\/em><\/h3>\n<h2 style=\"text-align: center;\"><strong><em>\u00a0 \u201eAyn\u00a0\u00a0 wera\u00a0\u00a0 macket\u00a0\u00a0 Hera&#8221;<\/em><\/strong><\/h2>\n<p><img loading=\"lazy\" decoding=\"async\" class=\"wp-image-156 aligncenter\" src=\"http:\/\/www.alleenleukedingen.nl\/wp-content\/uploads\/2015\/11\/Briefpapier-adelaar-1-300x41.jpg\" alt=\"Briefpapier adelaar (1)\" width=\"563\" height=\"77\" srcset=\"http:\/\/www.alleenleukedingen.nl\/wp-content\/uploads\/2015\/11\/Briefpapier-adelaar-1-300x41.jpg 300w, http:\/\/www.alleenleukedingen.nl\/wp-content\/uploads\/2015\/11\/Briefpapier-adelaar-1-768x105.jpg 768w, http:\/\/www.alleenleukedingen.nl\/wp-content\/uploads\/2015\/11\/Briefpapier-adelaar-1-1024x140.jpg 1024w, http:\/\/www.alleenleukedingen.nl\/wp-content\/uploads\/2015\/11\/Briefpapier-adelaar-1-624x86.jpg 624w, http:\/\/www.alleenleukedingen.nl\/wp-content\/uploads\/2015\/11\/Briefpapier-adelaar-1.jpg 1240w\" sizes=\"auto, (max-width: 563px) 100vw, 563px\" \/><\/p>\n<h3 style=\"text-align: left;\"><\/h3>\n<p>&nbsp;<\/p>\n<p>&nbsp;<\/p>\n","protected":false},"excerpt":{"rendered":"<p>Enige jaren geleden zat ik \u00edn een restaurant en bemerkte dat de kwaliteit van de daar geserveerde gerookte zalm w\u00e9\u00e9r achteruit was gegaan. lk maakte hierover een opmerking tegen mijn tafelgenoot en voor je het weet zit je de gehele avond over zalm en zalmproducten te praten. Toevallig kende mijn tafelgenoot iemand uit Noorwegen die [&hellip;]<\/p>\n","protected":false},"author":1,"featured_media":0,"parent":0,"menu_order":3,"comment_status":"closed","ping_status":"closed","template":"","meta":{"footnotes":""},"class_list":["post-17","page","type-page","status-publish","hentry"],"_links":{"self":[{"href":"http:\/\/www.alleenleukedingen.nl\/index.php?rest_route=\/wp\/v2\/pages\/17","targetHints":{"allow":["GET"]}}],"collection":[{"href":"http:\/\/www.alleenleukedingen.nl\/index.php?rest_route=\/wp\/v2\/pages"}],"about":[{"href":"http:\/\/www.alleenleukedingen.nl\/index.php?rest_route=\/wp\/v2\/types\/page"}],"author":[{"embeddable":true,"href":"http:\/\/www.alleenleukedingen.nl\/index.php?rest_route=\/wp\/v2\/users\/1"}],"replies":[{"embeddable":true,"href":"http:\/\/www.alleenleukedingen.nl\/index.php?rest_route=%2Fwp%2Fv2%2Fcomments&post=17"}],"version-history":[{"count":42,"href":"http:\/\/www.alleenleukedingen.nl\/index.php?rest_route=\/wp\/v2\/pages\/17\/revisions"}],"predecessor-version":[{"id":45,"href":"http:\/\/www.alleenleukedingen.nl\/index.php?rest_route=\/wp\/v2\/pages\/17\/revisions\/45"}],"wp:attachment":[{"href":"http:\/\/www.alleenleukedingen.nl\/index.php?rest_route=%2Fwp%2Fv2%2Fmedia&parent=17"}],"curies":[{"name":"wp","href":"https:\/\/api.w.org\/{rel}","templated":true}]}}